{"id":3483,"date":"2021-01-06T13:21:44","date_gmt":"2021-01-06T13:21:44","guid":{"rendered":"http:\/\/d6clinica.ro\/?page_id=3483"},"modified":"2024-10-03T06:44:42","modified_gmt":"2024-10-03T06:44:42","slug":"tratamentul-cearcanelor","status":"publish","type":"page","link":"https:\/\/d6clinica.ro\/en\/tratamentul-cearcanelor\/","title":{"rendered":"Tratamentul cearc\u0103nelor"},"content":{"rendered":"<div class=\"mkdf-row-grid-section-wrapper\"  ><div class=\"mkdf-row-grid-section\"><div class=\"vc_row wpb_row vc_row-fluid\" ><div class=\"wpb_column vc_column_container vc_col-sm-12\"><div class=\"vc_column-inner\"><div class=\"wpb_wrapper\"><div class=\"mkdf-elements-holder   mkdf-one-column  mkdf-responsive-mode-768\" ><div class=\"mkdf-eh-item\"  data-item-class=\"mkdf-eh-custom-8824\" data-1280-1600=\"0 0 10px\" data-1024-1280=\"10px 0 20px\">\n\t\t<div class=\"mkdf-eh-item-inner\">\n\t\t<div class=\"mkdf-eh-item-content mkdf-eh-custom-8824\" style=\"padding: 0 0 20px\">\n\t\t\t<div class=\"vc_empty_space\"   style=\"height: 140px\"><span class=\"vc_empty_space_inner\"><\/span><\/div>\n\t<div class=\"wpb_text_column wpb_content_element\" >\n\t\t<div class=\"wpb_wrapper\">\n\t\t\t<h2 style=\"text-align: center;\">Treatment of eye dark circles<\/h2>\n\n\t\t<\/div>\n\t<\/div>\n<div class=\"mkdf-separator-holder clearfix  mkdf-separator-center mkdf-separator-full-width\">\n\t<div class=\"mkdf-separator\" style=\"border-color: #d5b884;border-style: solid\"><\/div>\n<\/div>\n\t\t<\/div>\n\t<\/div>\n<\/div><\/div><div class=\"mkdf-elements-holder   mkdf-one-column  mkdf-responsive-mode-768\" ><div class=\"mkdf-eh-item\"  data-item-class=\"mkdf-eh-custom-1177\" data-1024-1280=\"0 16% 0\"  data-680-768=\"0 3% 0\" data-680=\"0 0\">\n\t\t<div class=\"mkdf-eh-item-inner\">\n\t\t<div class=\"mkdf-eh-item-content mkdf-eh-custom-1177\" style=\"padding: 0 20% 0\">\n\t\t\t\n\t<div  class=\"wpb_single_image wpb_content_element vc_align_center\">\n\t\t\n\t\t<figure class=\"wpb_wrapper vc_figure\">\n\t\t\t<div class=\"vc_single_image-wrapper   vc_box_border_grey\"><img loading=\"lazy\" decoding=\"async\" width=\"2268\" height=\"1548\" src=\"https:\/\/d6clinica.ro\/wp-content\/uploads\/2017\/09\/acid-hialuronic2.jpg\" class=\"vc_single_image-img attachment-full\" alt=\"injectare acid hialuronic tratament antirid, clinica D6 Cluj\" srcset=\"https:\/\/d6clinica.ro\/wp-content\/uploads\/2017\/09\/acid-hialuronic2.jpg 2268w, https:\/\/d6clinica.ro\/wp-content\/uploads\/2017\/09\/acid-hialuronic2-300x205.jpg 300w, https:\/\/d6clinica.ro\/wp-content\/uploads\/2017\/09\/acid-hialuronic2-1024x699.jpg 1024w, https:\/\/d6clinica.ro\/wp-content\/uploads\/2017\/09\/acid-hialuronic2-768x524.jpg 768w, https:\/\/d6clinica.ro\/wp-content\/uploads\/2017\/09\/acid-hialuronic2-1536x1048.jpg 1536w, https:\/\/d6clinica.ro\/wp-content\/uploads\/2017\/09\/acid-hialuronic2-600x410.jpg 600w\" sizes=\"(max-width: 2268px) 100vw, 2268px\" \/><\/div>\n\t\t<\/figure>\n\t<\/div>\n<div class=\"vc_empty_space\"   style=\"height: 40px\"><span class=\"vc_empty_space_inner\"><\/span><\/div>\n\t<div class=\"wpb_text_column wpb_content_element\" >\n\t\t<div class=\"wpb_wrapper\">\n\t\t\t<p><em>Look less tired after just one treatment<\/em><\/p>\n<p><em>\u00a0<\/em><\/p>\n<p>Eyes are the first thing we notice when interacting with a person. Dark circles under the eyes can make your face look more tired. Most of the time makeup can help us disguise them, but volume loss can be quite difficult to camouflage, and who doesn't want to look flawless with as little foundation as possible?<\/p>\n<p>&nbsp;<\/p>\n<p><strong>Benefits<\/strong><\/p>\n<p><strong><em>\u00a0<\/em><\/strong><\/p>\n<p>An important role for a treatment that gives results is a correct analysis of the cause of dark circles, which are often caused by a combination of factors.<\/p>\n<p>&nbsp;<\/p>\n<p>In the area around the eyes, through the physiological aging process, the skin undergoes a slight thinning and increased laxity. Moreover, in this area, the amount of adipose tissue is minimal, and in this way, through the transparency of the skin, the circles appear to have a dark appearance.<\/p>\n<p>&nbsp;<\/p>\n<p>The process of bone atrophy is equally important, with the orbit widening and the tissue thus losing its underlying support.<\/p>\n<p>&nbsp;<\/p>\n<p>Heredity also plays an essential role, which explains the varied age at which women choose this aesthetic procedure.<\/p>\n<p>&nbsp;<\/p>\n<p>Hyaluronic acid can be the welcome solution for a fresher look with a remanence of up to several years. It fills the depressions around the eyes, reducing hyperpigmentation, making our appearance instantly more rested.<\/p>\n<p>&nbsp;<\/p>\n<p>Depending on the cause of the bags under the eyes, hyaluronic acid treatment can be combined with other procedures, for a firm skin, and a volume that harmoniously continues the area of \u200b\u200bthe cheekbones.<\/p>\n<ul>\n<li>More rested appearance<\/li>\n<li>Pigmentation reduction<\/li>\n<li>Improving skin quality<\/li>\n<\/ul>\n<p>&nbsp;<\/p>\n<p><strong>About the treatment<\/strong><\/p>\n<p><strong><em>\u00a0<\/em><\/strong><\/p>\n<p>It is very important to take into account all the advice given in the consultation before the procedure. Not infrequently, for a natural improvement of this area, the treatment of adjacent areas, such as the cheekbones or temples, is indicated.<\/p>\n<p>&nbsp;<\/p>\n<p>The procedure is very safe and comfortable for you. To make sure of this fact, we use local anesthetic at the cannula entry site. Using the cannula in this area makes the treatment very safe and the incidence of complications minimal.<\/p>\n<p>&nbsp;<\/p>\n<p>In this area, our doctors use only hyaluronic acid, which is an extremely safe substance, it is also found naturally in the skin. This fact makes the rate of allergic reactions minimal. Hyaluronic acid can also be easily dissolved by hyaluronidase from any region.<\/p>\n<p>&nbsp;<\/p>\n<p>We always opt for a natural result. Our doctors prefer to use less product during the initial treatment, and during the subsequent control if it is necessary to perform a fine touch-up.<\/p>\n<p>&nbsp;<\/p>\n<p>The duration of the effect after the procedure is on average one year, this may vary depending on various individual factors and lifestyle.<\/p>\n<p>&nbsp;<\/p>\n<p><strong>Before and after treatment<\/strong><\/p>\n<p><strong><em>\u00a0<\/em><\/strong><\/p>\n<p><em>Before treatment:<\/em><\/p>\n<p>&nbsp;<\/p>\n<p>We recommend that you arrive at the clinic approximately 15 minutes before the scheduled time, in order to have the necessary time to fill in the consents and personal data if you are visiting us for the first time.<\/p>\n<p>&nbsp;<\/p>\n<p>Please let us know of any changes in your medication or nutritional supplements. We advise you not to drink alcohol the day before your treatment and to stop medications that may predispose you to hematoma, such as Ibuprofen, Naproxen or Aspirin, one week before your treatment, if your GP agrees.<\/p>\n<p>&nbsp;<\/p>\n<p><em>After treatment:<\/em><\/p>\n<p>&nbsp;<\/p>\n<p>You can immediately cool the treated area. We recommend that you avoid exposure to the sun during the first week and use daily cream with protection factor 50+. Avoid the sauna and intense physical activity for the first two days. Do not massage the treated area. Two weeks after the treatment, we would like to see you again for a check-up, which is included in the price of the treatment.<\/p>\n<p>&nbsp;<\/p>\n<p><strong>Recovery time:<\/strong><\/p>\n<p>&nbsp;<\/p>\n<p>Most of the time this treatment does not require recovery time, but you may experience a little swelling after the treatment. There is a risk of small hematomas, but after about a week they will disappear.<\/p>\n<p>&nbsp;<\/p>\n<p><strong>Result duration:<\/strong><\/p>\n<p>&nbsp;<\/p>\n<p>The final result of the treatment is visible after about one to two weeks. The average duration of the effect is about 12 months.<\/p>\n\n\t\t<\/div>\n\t<\/div>\n<div class=\"vc_empty_space\"   style=\"height: 60px\"><span class=\"vc_empty_space_inner\"><\/span><\/div><a itemprop=\"url\" href=\"https:\/\/d6clinica.ro\/en\/estetica-preturi\/\" target=\"_self\"  class=\"mkdf-btn mkdf-btn-medium mkdf-btn-solid\"  >\n    <span class=\"mkdf-btn-text\">See prices<\/span>\n    \t<\/a><div class=\"vc_empty_space\"   style=\"height: 60px\"><span class=\"vc_empty_space_inner\"><\/span><\/div>\t\t<\/div>\n\t<\/div>\n<\/div><\/div><\/div><\/div><\/div><\/div><\/div><\/div>","protected":false},"excerpt":{"rendered":"Tratamentul cearcAnelor Aspect mai pu\u021bin obosit doar dup\u0103 un singur tratament \u00a0 Ochii sunt primul lucru care \u00eel observ\u0103m c\u00e2nd interac\u021bion\u0103m cu o persoan\u0103. Cearc\u0103nele \u00eentunecate de sub ochi i\u021bi pot face fa\u021ba s\u0103 par\u0103 mult mai obosit\u0103. De cele [...]","protected":false},"author":3,"featured_media":0,"parent":0,"menu_order":0,"comment_status":"closed","ping_status":"closed","template":"full-width.php","meta":{"footnotes":""},"_links":{"self":[{"href":"https:\/\/d6clinica.ro\/en\/wp-json\/wp\/v2\/pages\/3483"}],"collection":[{"href":"https:\/\/d6clinica.ro\/en\/wp-json\/wp\/v2\/pages"}],"about":[{"href":"https:\/\/d6clinica.ro\/en\/wp-json\/wp\/v2\/types\/page"}],"author":[{"embeddable":true,"href":"https:\/\/d6clinica.ro\/en\/wp-json\/wp\/v2\/users\/3"}],"replies":[{"embeddable":true,"href":"https:\/\/d6clinica.ro\/en\/wp-json\/wp\/v2\/comments?post=3483"}],"version-history":[{"count":6,"href":"https:\/\/d6clinica.ro\/en\/wp-json\/wp\/v2\/pages\/3483\/revisions"}],"predecessor-version":[{"id":4177,"href":"https:\/\/d6clinica.ro\/en\/wp-json\/wp\/v2\/pages\/3483\/revisions\/4177"}],"wp:attachment":[{"href":"https:\/\/d6clinica.ro\/en\/wp-json\/wp\/v2\/media?parent=3483"}],"curies":[{"name":"wp","href":"https:\/\/api.w.org\/{rel}","templated":true}]}}