{"id":3487,"date":"2021-01-06T13:30:03","date_gmt":"2021-01-06T13:30:03","guid":{"rendered":"http:\/\/d6clinica.ro\/?page_id=3487"},"modified":"2024-10-03T06:45:46","modified_gmt":"2024-10-03T06:45:46","slug":"conturul-liniei-mandibulare","status":"publish","type":"page","link":"https:\/\/d6clinica.ro\/en\/conturul-liniei-mandibulare\/","title":{"rendered":"The outline of the mandibular line"},"content":{"rendered":"<div class=\"mkdf-row-grid-section-wrapper\"  ><div class=\"mkdf-row-grid-section\"><div class=\"vc_row wpb_row vc_row-fluid\" ><div class=\"wpb_column vc_column_container vc_col-sm-12\"><div class=\"vc_column-inner\"><div class=\"wpb_wrapper\"><div class=\"mkdf-elements-holder   mkdf-one-column  mkdf-responsive-mode-768\" ><div class=\"mkdf-eh-item\"  data-item-class=\"mkdf-eh-custom-7502\" data-1280-1600=\"0 0 10px\" data-1024-1280=\"10px 0 20px\">\n\t\t<div class=\"mkdf-eh-item-inner\">\n\t\t<div class=\"mkdf-eh-item-content mkdf-eh-custom-7502\" style=\"padding: 0 0 20px\">\n\t\t\t<div class=\"vc_empty_space\"   style=\"height: 140px\"><span class=\"vc_empty_space_inner\"><\/span><\/div>\n\t<div class=\"wpb_text_column wpb_content_element\" >\n\t\t<div class=\"wpb_wrapper\">\n\t\t\t<h2 style=\"text-align: center;\">The outline of the mandibular line<\/h2>\n\n\t\t<\/div>\n\t<\/div>\n<div class=\"mkdf-separator-holder clearfix  mkdf-separator-center mkdf-separator-full-width\">\n\t<div class=\"mkdf-separator\" style=\"border-color: #d5b884;border-style: solid\"><\/div>\n<\/div>\n\t\t<\/div>\n\t<\/div>\n<\/div><\/div><div class=\"mkdf-elements-holder   mkdf-one-column  mkdf-responsive-mode-768\" ><div class=\"mkdf-eh-item\"  data-item-class=\"mkdf-eh-custom-4614\" data-1024-1280=\"0 16% 0\"  data-680-768=\"0 3% 0\" data-680=\"0 0\">\n\t\t<div class=\"mkdf-eh-item-inner\">\n\t\t<div class=\"mkdf-eh-item-content mkdf-eh-custom-4614\" style=\"padding: 0 20% 0\">\n\t\t\t\n\t<div  class=\"wpb_single_image wpb_content_element vc_align_center\">\n\t\t\n\t\t<figure class=\"wpb_wrapper vc_figure\">\n\t\t\t<div class=\"vc_single_image-wrapper   vc_box_border_grey\"><img loading=\"lazy\" decoding=\"async\" width=\"2268\" height=\"1548\" src=\"https:\/\/d6clinica.ro\/wp-content\/uploads\/2017\/09\/acid-hialuronic3-copy.jpg\" class=\"vc_single_image-img attachment-full\" alt=\"tratament infrumsetare acid hialuronic, clinica D6 Cluj\" srcset=\"https:\/\/d6clinica.ro\/wp-content\/uploads\/2017\/09\/acid-hialuronic3-copy.jpg 2268w, https:\/\/d6clinica.ro\/wp-content\/uploads\/2017\/09\/acid-hialuronic3-copy-300x205.jpg 300w, https:\/\/d6clinica.ro\/wp-content\/uploads\/2017\/09\/acid-hialuronic3-copy-1024x699.jpg 1024w, https:\/\/d6clinica.ro\/wp-content\/uploads\/2017\/09\/acid-hialuronic3-copy-768x524.jpg 768w, https:\/\/d6clinica.ro\/wp-content\/uploads\/2017\/09\/acid-hialuronic3-copy-1536x1048.jpg 1536w, https:\/\/d6clinica.ro\/wp-content\/uploads\/2017\/09\/acid-hialuronic3-copy-600x410.jpg 600w\" sizes=\"(max-width: 2268px) 100vw, 2268px\" \/><\/div>\n\t\t<\/figure>\n\t<\/div>\n<div class=\"vc_empty_space\"   style=\"height: 40px\"><span class=\"vc_empty_space_inner\"><\/span><\/div>\n\t<div class=\"wpb_text_column wpb_content_element\" >\n\t\t<div class=\"wpb_wrapper\">\n\t\t\t<p><em>The profile you've always dreamed of<\/em><\/p>\n<p><em>\u00a0<\/em><\/p>\n<p>A defined jawline is the essence of a defined contour. The appearance of the facial profile gives us many attributes, it can make us look more confident and rejuvenated.<\/p>\n<p>&nbsp;<\/p>\n<p>With the passage of time, due to atrophy of bone structures and loss of collagen, the skin has a natural tendency to droop, mainly affecting the jawline. In addition, the jawbone shrinks, resulting in the disappearance of the oval shape of the face, which takes on a triangular appearance in the lower third.<\/p>\n<p>&nbsp;<\/p>\n<p><strong>Benefits<\/strong><\/p>\n<p><strong><em>\u00a0<\/em><\/strong><\/p>\n<p>The experience of our doctors in understanding anatomy and the aging process is essential for obtaining the expected result. There is the possibility that for a defined mandibular line, the treatment begins with the cheekbones and the upper floor to provide stability to the structures that tend to weigh down the lower third.<\/p>\n<p>&nbsp;<\/p>\n<p>By defining the contour of the lower floor of the face, in addition to the key role in penciling the oval of the face, this treatment also improves the appearance of the neck area. Its effect is to thin and make the under-chin area less visible.<\/p>\n<p>&nbsp;<\/p>\n<p>Hyaluronic acid auxiliary to its filling property, in this area is placed in such a way as to define the line of the lower jaw, so that the profile of the face reflects the light in a manner in which it is advantageous.<\/p>\n<p>&nbsp;<\/p>\n<ul>\n<li>Defined profile outline<\/li>\n<li>Reducerea laxit\u0103\u021bii zonei submentoniere<\/li>\n<li>Lifting effect<\/li>\n<li>Emphasis on the mandibular line<\/li>\n<li>Defining the angle of the mandible<\/li>\n<\/ul>\n<p>&nbsp;<\/p>\n<p><strong>About the treatment<\/strong><\/p>\n<p><strong><em>\u00a0<\/em><\/strong><\/p>\n<p>The time allocated to the treatment is relatively short. This is a very comfortable and painless treatment. The injectable local anesthetic is placed in two points bilaterally, at the entrance of the cannula. This technique makes the procedure very comfortable, the cannula facilitating the uniform placement of the subcutaneous product and minimizing the formation of hematomas or other complications associated with aesthetic procedures.<\/p>\n<p>&nbsp;<\/p>\n<p>Hyaluronic acid is placed subcutaneously in this area, contouring and defining the profile of the face. Over time, by integrating it into the treated area, the fibroblasts are stimulated to produce neocollagen, the result being perceptible for a long time.<\/p>\n<p>&nbsp;<\/p>\n<p>&nbsp;<\/p>\n<p>Our draw is a result as natural as possible to your physiognomy. Our doctors prefer to use less product during the initial treatment, and during the subsequent control if it is necessary to perform a fine touch-up.<\/p>\n<p>&nbsp;<\/p>\n<p>The duration of the effect after the procedure is on average one year, this may vary depending on various individual factors and lifestyle.<\/p>\n<p>&nbsp;<\/p>\n<p><strong>Before and after treatment<\/strong><\/p>\n<p><strong><em>\u00a0<\/em><\/strong><\/p>\n<p><em>Before treatment:<\/em><\/p>\n<p>&nbsp;<\/p>\n<p>We recommend that you arrive at the clinic approximately 15 minutes before the scheduled time, in order to have the necessary time to fill in the consents and personal data if you are visiting us for the first time.<\/p>\n<p>&nbsp;<\/p>\n<p>Please let us know of any changes in your medication or nutritional supplements. We advise you not to drink alcohol the day before your treatment and to stop medications that may predispose you to hematoma, such as Ibuprofen, Naproxen or Aspirin, one week before your treatment, if your GP agrees.<\/p>\n<p>&nbsp;<\/p>\n<p><em>After treatment:<\/em><\/p>\n<p>&nbsp;<\/p>\n<p>You can immediately cool the treated area. We recommend that you avoid exposure to the sun during the first week and use daily cream with protection factor 50+. Avoid the sauna and intense physical activity for the first two days. Avoid other cosmetic treatments in the treated area during the first week. Do not massage the treated area. Two weeks after the treatment, we would like to see you again for a check-up, which is included in the price of the treatment.<\/p>\n<p>&nbsp;<\/p>\n<p><strong>Recovery time:<\/strong><\/p>\n<p>&nbsp;<\/p>\n<p>After treatment you may experience tenderness in the treated area and mild edema. These will soften after a few days, as will the resulting possible asymmetries. It is possible that after the procedure you will feel fine bumps in the treated area, which will disappear in a few days after the intervention.<\/p>\n<p>&nbsp;<\/p>\n<p>There is a risk of producing some small hematomas, but after about a week they will disappear.<\/p>\n<p>&nbsp;<\/p>\n<p><strong>Result duration:<\/strong><\/p>\n<p>&nbsp;<\/p>\n<p>The final result of the treatment is visible after about one to two weeks. The average duration of the effect is about 12 months.<\/p>\n\n\t\t<\/div>\n\t<\/div>\n<div class=\"vc_empty_space\"   style=\"height: 60px\"><span class=\"vc_empty_space_inner\"><\/span><\/div><a itemprop=\"url\" href=\"https:\/\/d6clinica.ro\/en\/estetica-preturi\/\" target=\"_self\"  class=\"mkdf-btn mkdf-btn-medium mkdf-btn-solid\"  >\n    <span class=\"mkdf-btn-text\">See prices<\/span>\n    \t<\/a><div class=\"vc_empty_space\"   style=\"height: 60px\"><span class=\"vc_empty_space_inner\"><\/span><\/div>\t\t<\/div>\n\t<\/div>\n<\/div><\/div><\/div><\/div><\/div><\/div><\/div><\/div>","protected":false},"excerpt":{"rendered":"Conturul liniei mandibulare Profilul la care mereu ai visat \u00a0 O linie mandibulara definita este esen\u021ba unui contur definit. Aspectul profilului fe\u021bei ne confer\u0103 multe atribute, ne poate face s\u0103 p\u0103rem mai \u00eencrez\u0103tori \u0219i \u00eentineri\u021bi. &nbsp; Cu trecerea timpului, prin [...]","protected":false},"author":3,"featured_media":0,"parent":0,"menu_order":0,"comment_status":"closed","ping_status":"closed","template":"full-width.php","meta":{"footnotes":""},"_links":{"self":[{"href":"https:\/\/d6clinica.ro\/en\/wp-json\/wp\/v2\/pages\/3487"}],"collection":[{"href":"https:\/\/d6clinica.ro\/en\/wp-json\/wp\/v2\/pages"}],"about":[{"href":"https:\/\/d6clinica.ro\/en\/wp-json\/wp\/v2\/types\/page"}],"author":[{"embeddable":true,"href":"https:\/\/d6clinica.ro\/en\/wp-json\/wp\/v2\/users\/3"}],"replies":[{"embeddable":true,"href":"https:\/\/d6clinica.ro\/en\/wp-json\/wp\/v2\/comments?post=3487"}],"version-history":[{"count":5,"href":"https:\/\/d6clinica.ro\/en\/wp-json\/wp\/v2\/pages\/3487\/revisions"}],"predecessor-version":[{"id":4232,"href":"https:\/\/d6clinica.ro\/en\/wp-json\/wp\/v2\/pages\/3487\/revisions\/4232"}],"wp:attachment":[{"href":"https:\/\/d6clinica.ro\/en\/wp-json\/wp\/v2\/media?parent=3487"}],"curies":[{"name":"wp","href":"https:\/\/api.w.org\/{rel}","templated":true}]}}