{"id":3511,"date":"2021-01-06T13:50:14","date_gmt":"2021-01-06T13:50:14","guid":{"rendered":"http:\/\/d6clinica.ro\/?page_id=3511"},"modified":"2024-10-03T06:46:54","modified_gmt":"2024-10-03T06:46:54","slug":"tratamentul-pometilor","status":"publish","type":"page","link":"https:\/\/d6clinica.ro\/en\/tratamentul-pometilor\/","title":{"rendered":"Tratamentul pome\u021bilor"},"content":{"rendered":"<div class=\"mkdf-row-grid-section-wrapper\"  ><div class=\"mkdf-row-grid-section\"><div class=\"vc_row wpb_row vc_row-fluid\" ><div class=\"wpb_column vc_column_container vc_col-sm-12\"><div class=\"vc_column-inner\"><div class=\"wpb_wrapper\"><div class=\"mkdf-elements-holder   mkdf-one-column  mkdf-responsive-mode-768\" ><div class=\"mkdf-eh-item\"  data-item-class=\"mkdf-eh-custom-9157\" data-1280-1600=\"0 0 10px\" data-1024-1280=\"10px 0 20px\">\n\t\t<div class=\"mkdf-eh-item-inner\">\n\t\t<div class=\"mkdf-eh-item-content mkdf-eh-custom-9157\" style=\"padding: 0 0 20px\">\n\t\t\t<div class=\"vc_empty_space\"   style=\"height: 140px\"><span class=\"vc_empty_space_inner\"><\/span><\/div>\n\t<div class=\"wpb_text_column wpb_content_element\" >\n\t\t<div class=\"wpb_wrapper\">\n\t\t\t<h2 style=\"text-align: center;\">Cheekbones treatment<\/h2>\n\n\t\t<\/div>\n\t<\/div>\n<div class=\"mkdf-separator-holder clearfix  mkdf-separator-center mkdf-separator-full-width\">\n\t<div class=\"mkdf-separator\" style=\"border-color: #d5b884;border-style: solid\"><\/div>\n<\/div>\n\t\t<\/div>\n\t<\/div>\n<\/div><\/div><div class=\"mkdf-elements-holder   mkdf-one-column  mkdf-responsive-mode-768\" ><div class=\"mkdf-eh-item\"  data-item-class=\"mkdf-eh-custom-9806\" data-1024-1280=\"0 16% 0\"  data-680-768=\"0 3% 0\" data-680=\"0 0\">\n\t\t<div class=\"mkdf-eh-item-inner\">\n\t\t<div class=\"mkdf-eh-item-content mkdf-eh-custom-9806\" style=\"padding: 0 20% 0\">\n\t\t\t\n\t<div  class=\"wpb_single_image wpb_content_element vc_align_center\">\n\t\t\n\t\t<figure class=\"wpb_wrapper vc_figure\">\n\t\t\t<div class=\"vc_single_image-wrapper   vc_box_border_grey\"><img loading=\"lazy\" decoding=\"async\" width=\"2268\" height=\"1548\" src=\"https:\/\/d6clinica.ro\/wp-content\/uploads\/2017\/09\/radiesse_new.jpg\" class=\"vc_single_image-img attachment-full\" alt=\"radiesse hidroxiapatita tratamente antirid, clinica D6 Cluj\" srcset=\"https:\/\/d6clinica.ro\/wp-content\/uploads\/2017\/09\/radiesse_new.jpg 2268w, https:\/\/d6clinica.ro\/wp-content\/uploads\/2017\/09\/radiesse_new-300x205.jpg 300w, https:\/\/d6clinica.ro\/wp-content\/uploads\/2017\/09\/radiesse_new-1024x699.jpg 1024w, https:\/\/d6clinica.ro\/wp-content\/uploads\/2017\/09\/radiesse_new-768x524.jpg 768w, https:\/\/d6clinica.ro\/wp-content\/uploads\/2017\/09\/radiesse_new-1536x1048.jpg 1536w, https:\/\/d6clinica.ro\/wp-content\/uploads\/2017\/09\/radiesse_new-600x410.jpg 600w\" sizes=\"(max-width: 2268px) 100vw, 2268px\" \/><\/div>\n\t\t<\/figure>\n\t<\/div>\n<div class=\"vc_empty_space\"   style=\"height: 40px\"><span class=\"vc_empty_space_inner\"><\/span><\/div>\n\t<div class=\"wpb_text_column wpb_content_element\" >\n\t\t<div class=\"wpb_wrapper\">\n\t\t\t<p><em>Overall facial rejuvenating effect<\/em><\/p>\n<p><em>\u00a0<\/em><\/p>\n<p>The eyelids are one of the central elements that shape the physiognomy and symmetry of the face. Their shape, volume and prominence can easily translate a person's age.<\/p>\n<p>&nbsp;<\/p>\n<p>With the aging process, they lose their shape and volume, the underlying tissue losing its support and firmness.<\/p>\n<p>&nbsp;<\/p>\n<p><strong>Benefits<\/strong><\/p>\n<p>&nbsp;<\/p>\n<p>Our doctors always prioritize the most natural result of the treatment. The shape of your face is analyzed, and the amount of product used is adapted to your needs.<\/p>\n<p>&nbsp;<\/p>\n<p>Cheekbone filling treatment accentuates, in both women and men, the V shape of the face, often associated with youth.<\/p>\n<p>&nbsp;<\/p>\n<p>With the help of this treatment, the rejuvenating effect will be global, the contour of the face will be more accentuated, and the skin will regain its support and firmness.<\/p>\n<p>&nbsp;<\/p>\n<p>At the same time, the hyaluronic acid placed in this area has a global lifting effect on the face, giving a more accentuated contour of the mandibular line and a reduction of the nasolabial grooves.<\/p>\n<p>&nbsp;<\/p>\n<ul>\n<li>Restoring the contour of the face<\/li>\n<li>Accentuating the V shape<\/li>\n<li>Improvement of nasolabial folds.<\/li>\n<\/ul>\n<p>&nbsp;<\/p>\n<p><strong>About the treatment<\/strong><\/p>\n<p><strong><em>\u00a0<\/em><\/strong><\/p>\n<p>The treatment is carried out in a relatively short time. Before the treatment you will receive a local anesthetic injection at the cannula entry site. Whenever possible, we prefer to use the cannula instead of the needle, because we want to reduce as much as possible the risk of complications and maximize your comfort. The treatment with the cannula also ensures a pain-free treatment, as the pain receptors are mainly located on the surface of the skin.<\/p>\n<p>&nbsp;<\/p>\n<p>The product is placed above the periosteum, thus harmoniously restoring the contour of the cheekbones. Hyaluronic acid is a product naturally contained in the body, which, in addition to the previously listed effects, also provides deep skin hydration and collagen stimulation.<\/p>\n<p>&nbsp;<\/p>\n<p>We always opt for a natural result. Our doctors prefer to use less product during the initial treatment, and during the subsequent control if it is necessary to perform a fine touch-up.<\/p>\n<p>&nbsp;<\/p>\n<p>The duration of the effect after the procedure is on average one year, this may vary depending on various individual factors and lifestyle.<\/p>\n<p>&nbsp;<\/p>\n<p><strong>Before and after treatment<\/strong><\/p>\n<p><strong><em>\u00a0<\/em><\/strong><\/p>\n<p><em>Before treatment:<\/em><\/p>\n<p>&nbsp;<\/p>\n<p>We recommend that you arrive at the clinic approximately 15 minutes before the scheduled time, in order to have the necessary time to fill in the consents and personal data if you are visiting us for the first time.<\/p>\n<p>&nbsp;<\/p>\n<p>Please let us know of any changes in your medication or nutritional supplements. We advise you not to drink alcohol the day before your treatment and to stop medications that may predispose you to hematoma, such as Ibuprofen, Naproxen or Aspirin, one week before your treatment, if your GP agrees.<\/p>\n<p>&nbsp;<\/p>\n<p><em>After treatment:<\/em><\/p>\n<p>&nbsp;<\/p>\n<p>You can immediately cool the treated area. We recommend that you avoid exposure to the sun during the first week and use daily cream with protection factor 50+. Avoid the sauna and intense physical activity for the first two days. Do not massage the treated area. Two weeks after the treatment, we would like to see you again for a check-up, which is included in the price of the treatment.<\/p>\n<p>&nbsp;<\/p>\n<p><strong>Recovery time:<\/strong><\/p>\n<p>&nbsp;<\/p>\n<p>Most of the time this treatment does not require recovery time, but you may experience a little swelling after the treatment. There is a risk of small hematomas, but after about a week they will disappear.<\/p>\n<p>&nbsp;<\/p>\n<p><strong>Result duration:<\/strong><\/p>\n<p>&nbsp;<\/p>\n<p>The final result of the treatment is visible after about one to two weeks. The average duration of the effect is about 12 months.<\/p>\n\n\t\t<\/div>\n\t<\/div>\n<div class=\"vc_empty_space\"   style=\"height: 60px\"><span class=\"vc_empty_space_inner\"><\/span><\/div><a itemprop=\"url\" href=\"https:\/\/d6clinica.ro\/en\/estetica-preturi\/\" target=\"_self\"  class=\"mkdf-btn mkdf-btn-medium mkdf-btn-solid\"  >\n    <span class=\"mkdf-btn-text\">See prices<\/span>\n    \t<\/a><div class=\"vc_empty_space\"   style=\"height: 60px\"><span class=\"vc_empty_space_inner\"><\/span><\/div>\t\t<\/div>\n\t<\/div>\n<\/div><\/div><\/div><\/div><\/div><\/div><\/div><\/div>","protected":false},"excerpt":{"rendered":"Tratamentul pomeTilor Efect global de \u00eentinerire a fetei \u00a0 Pomeni\u021bii constituie unul din elementele centrale ce ne contureaz\u0103 fizionomia \u0219i simetria fe\u021bei. Forma, volumul \u0219i proeminen\u021ba acestora, pot traduce cu u\u0219urin\u021b\u0103 v\u00e2rsta unei persoane. &nbsp; Odat\u0103 cu procesul de \u00eemb\u0103tr\u00e2nire, [...]","protected":false},"author":3,"featured_media":0,"parent":0,"menu_order":0,"comment_status":"closed","ping_status":"closed","template":"full-width.php","meta":{"footnotes":""},"_links":{"self":[{"href":"https:\/\/d6clinica.ro\/en\/wp-json\/wp\/v2\/pages\/3511"}],"collection":[{"href":"https:\/\/d6clinica.ro\/en\/wp-json\/wp\/v2\/pages"}],"about":[{"href":"https:\/\/d6clinica.ro\/en\/wp-json\/wp\/v2\/types\/page"}],"author":[{"embeddable":true,"href":"https:\/\/d6clinica.ro\/en\/wp-json\/wp\/v2\/users\/3"}],"replies":[{"embeddable":true,"href":"https:\/\/d6clinica.ro\/en\/wp-json\/wp\/v2\/comments?post=3511"}],"version-history":[{"count":6,"href":"https:\/\/d6clinica.ro\/en\/wp-json\/wp\/v2\/pages\/3511\/revisions"}],"predecessor-version":[{"id":4181,"href":"https:\/\/d6clinica.ro\/en\/wp-json\/wp\/v2\/pages\/3511\/revisions\/4181"}],"wp:attachment":[{"href":"https:\/\/d6clinica.ro\/en\/wp-json\/wp\/v2\/media?parent=3511"}],"curies":[{"name":"wp","href":"https:\/\/api.w.org\/{rel}","templated":true}]}}