{"id":3515,"date":"2021-01-06T13:57:25","date_gmt":"2021-01-06T13:57:25","guid":{"rendered":"http:\/\/d6clinica.ro\/?page_id=3515"},"modified":"2024-10-03T06:47:26","modified_gmt":"2024-10-03T06:47:26","slug":"tratamentul-tamplelor","status":"publish","type":"page","link":"https:\/\/d6clinica.ro\/en\/tratamentul-tamplelor\/","title":{"rendered":"Tratamentul t\u00e2mplelor"},"content":{"rendered":"<div class=\"mkdf-row-grid-section-wrapper\"  ><div class=\"mkdf-row-grid-section\"><div class=\"vc_row wpb_row vc_row-fluid\" ><div class=\"wpb_column vc_column_container vc_col-sm-12\"><div class=\"vc_column-inner\"><div class=\"wpb_wrapper\"><div class=\"mkdf-elements-holder   mkdf-one-column  mkdf-responsive-mode-768\" ><div class=\"mkdf-eh-item\"  data-item-class=\"mkdf-eh-custom-7489\" data-1280-1600=\"0 0 10px\" data-1024-1280=\"10px 0 20px\">\n\t\t<div class=\"mkdf-eh-item-inner\">\n\t\t<div class=\"mkdf-eh-item-content mkdf-eh-custom-7489\" style=\"padding: 0 0 20px\">\n\t\t\t<div class=\"vc_empty_space\"   style=\"height: 140px\"><span class=\"vc_empty_space_inner\"><\/span><\/div>\n\t<div class=\"wpb_text_column wpb_content_element\" >\n\t\t<div class=\"wpb_wrapper\">\n\t\t\t<h2 style=\"text-align: center;\">Treatment of tamples<\/h2>\n\n\t\t<\/div>\n\t<\/div>\n<div class=\"mkdf-separator-holder clearfix  mkdf-separator-center mkdf-separator-full-width\">\n\t<div class=\"mkdf-separator\" style=\"border-color: #d5b884;border-style: solid\"><\/div>\n<\/div>\n\t\t<\/div>\n\t<\/div>\n<\/div><\/div><div class=\"mkdf-elements-holder   mkdf-one-column  mkdf-responsive-mode-768\" ><div class=\"mkdf-eh-item\"  data-item-class=\"mkdf-eh-custom-4938\" data-1024-1280=\"0 16% 0\"  data-680-768=\"0 3% 0\" data-680=\"0 0\">\n\t\t<div class=\"mkdf-eh-item-inner\">\n\t\t<div class=\"mkdf-eh-item-content mkdf-eh-custom-4938\" style=\"padding: 0 20% 0\">\n\t\t\t\n\t<div  class=\"wpb_single_image wpb_content_element vc_align_center\">\n\t\t\n\t\t<figure class=\"wpb_wrapper vc_figure\">\n\t\t\t<div class=\"vc_single_image-wrapper   vc_box_border_grey\"><img loading=\"lazy\" decoding=\"async\" width=\"2268\" height=\"1548\" src=\"https:\/\/d6clinica.ro\/wp-content\/uploads\/2017\/09\/anestezie.jpg\" class=\"vc_single_image-img attachment-full\" alt=\"anestezie topica microneedling radiofrecventa faciala epilare definitiva pret, clinica D6 Cluj\" srcset=\"https:\/\/d6clinica.ro\/wp-content\/uploads\/2017\/09\/anestezie.jpg 2268w, https:\/\/d6clinica.ro\/wp-content\/uploads\/2017\/09\/anestezie-300x205.jpg 300w, https:\/\/d6clinica.ro\/wp-content\/uploads\/2017\/09\/anestezie-1024x699.jpg 1024w, https:\/\/d6clinica.ro\/wp-content\/uploads\/2017\/09\/anestezie-768x524.jpg 768w, https:\/\/d6clinica.ro\/wp-content\/uploads\/2017\/09\/anestezie-1536x1048.jpg 1536w, https:\/\/d6clinica.ro\/wp-content\/uploads\/2017\/09\/anestezie-600x410.jpg 600w\" sizes=\"(max-width: 2268px) 100vw, 2268px\" \/><\/div>\n\t\t<\/figure>\n\t<\/div>\n<div class=\"vc_empty_space\"   style=\"height: 40px\"><span class=\"vc_empty_space_inner\"><\/span><\/div>\n\t<div class=\"wpb_text_column wpb_content_element\" >\n\t\t<div class=\"wpb_wrapper\">\n\t\t\t<p><em>Look young again<\/em><\/p>\n<p><strong><em>\u00a0<\/em><\/strong><\/p>\n<p>In the physiological process of aging, the temple area is gradually affected. This area begins to become prominent through loss of connective tissue and progressive atrophy of the muscle and temporal bone.<\/p>\n<p>&nbsp;<\/p>\n<p>This mechanism causes the concavity of the temples to be accentuated, the face losing its oval shape. Few people notice this aspect, but once this area is treated, the face regains its feminine contour, rested and rejuvenated appearance.<\/p>\n<p>&nbsp;<\/p>\n<p><strong>Benefits<\/strong><\/p>\n<p><strong><em>\u00a0<\/em><\/strong><\/p>\n<p>The doctors at the D6 clinic focus on a result as natural as possible, and the amount of hyaluronic acid used is adapted to achieve the most harmonious effect in accordance with your physiognomy.<\/p>\n<p>&nbsp;<\/p>\n<p>The youthful appearance is often associated with the V shape of the face. This is regained in a natural way by filling the temples and cheekbone area with hyaluronic acid.<\/p>\n<p>In addition to regaining the oval of the face, this treatment also contributes to a lift of the lower floor, achieving a non-surgical facelift.<\/p>\n<p>&nbsp;<\/p>\n<ul>\n<li>Restoration of the face oval shape<\/li>\n<li>Lower floor lifting effect<\/li>\n<li>Look rejuvenated and rested<\/li>\n<li>Discreet reduction of wrinkles around the eyes<\/li>\n<\/ul>\n<p>&nbsp;<\/p>\n<p><strong>About the treatment<\/strong><\/p>\n<p>&nbsp;<\/p>\n<p>The treatment is carried out in a relatively short time. Before the treatment you will receive a local anesthetic injection at the cannula entry site. Whenever possible we prefer to use the cannula instead of the needle, because we want to reduce as much as possible the risk of complications and maximize your comfort. The treatment with the cannula also ensures a pain-free treatment, as the pain receptors are mainly located on the surface of the skin. During the injection there is a risk of a mechanical sensation, for which additional local anesthetic can be administered if it is bothersome.<\/p>\n<p>&nbsp;<\/p>\n<p>Hyaluronic acid is placed in the area of \u200b\u200bthe temples in the area of \u200b\u200bminimal vascular risk, either intrafascially or superficially, thus providing ideal support and a visible filling of the concavity. Once integrated into the tissue, hyaluronic acid behaves like its own molecule, stimulating collagen production and deep hydration of the area.<\/p>\n<p>&nbsp;<\/p>\n<p>We always opt for a natural result. Our doctors prefer to use less product during the initial treatment, and during the subsequent control if it is necessary to perform a fine touch-up.<\/p>\n<p>&nbsp;<\/p>\n<p>The duration of the effect after the procedure is on average one year, this may vary depending on various individual factors and lifestyle.<\/p>\n<p>&nbsp;<\/p>\n<p><strong>Before and after treatment<\/strong><\/p>\n<p><strong><em>\u00a0<\/em><\/strong><\/p>\n<p><em>Before treatment:<\/em><\/p>\n<p>&nbsp;<\/p>\n<p>We recommend that you arrive at the clinic approximately 15 minutes before the scheduled time, in order to have the necessary time to fill in the consents and personal data if you are visiting us for the first time.<\/p>\n<p>&nbsp;<\/p>\n<p>Please let us know of any changes in your medication or nutritional supplements. We advise you not to drink alcohol the day before your treatment and to stop medications that may predispose you to hematoma, such as Ibuprofen, Naproxen or Aspirin, one week before your treatment, if your GP agrees.<\/p>\n<p>&nbsp;<\/p>\n<p><em>After treatment:<\/em><\/p>\n<p>&nbsp;<\/p>\n<p>You can immediately cool the treated area. We recommend that you avoid exposure to the sun and tanning beds during the first week and use daily cream with a protection factor of 50+. Avoid the sauna and intense physical activity for the first two days. Do not massage the treated area. Two weeks after the treatment, we would like to see you again for a check-up, which is included in the price of the treatment.<\/p>\n<p>&nbsp;<\/p>\n<p><strong>Recovery time:<\/strong><\/p>\n<p>&nbsp;<\/p>\n<p>Often after treatment you may experience tenderness in the treated area and mild edema. These will soften after a few days, as will the resulting possible asymmetries.<\/p>\n<p>&nbsp;<\/p>\n<p>There is a risk of small hematomas, but after about a week they will disappear.<\/p>\n<p>&nbsp;<\/p>\n<p><strong>Result duration:<\/strong><\/p>\n<p>&nbsp;<\/p>\n<p>The final result of the treatment is visible after about one to two weeks. The average duration of the effect is about 12 months.<\/p>\n\n\t\t<\/div>\n\t<\/div>\n<div class=\"vc_empty_space\"   style=\"height: 60px\"><span class=\"vc_empty_space_inner\"><\/span><\/div><a itemprop=\"url\" href=\"https:\/\/d6clinica.ro\/en\/estetica-preturi\/\" target=\"_self\"  class=\"mkdf-btn mkdf-btn-medium mkdf-btn-solid\"  >\n    <span class=\"mkdf-btn-text\">See prices<\/span>\n    \t<\/a><div class=\"vc_empty_space\"   style=\"height: 60px\"><span class=\"vc_empty_space_inner\"><\/span><\/div>\t\t<\/div>\n\t<\/div>\n<\/div><\/div><\/div><\/div><\/div><\/div><\/div><\/div>","protected":false},"excerpt":{"rendered":"Tratamentul tAmplelor Rec\u00e2\u0219tig\u0103 aspectul t\u00e2n\u0103r \u00a0 \u00cen procesul de fiziologic de \u00eemb\u0103tr\u00e2nire zona t\u00e2mplelor este afectata treptat. Aceast\u0103 zon\u0103 \u00eencepe s\u0103 devin\u0103 proeminent\u0103 prin pierderea de \u021besut conjunctiv \u0219i prin atrofia progresiv\u0103\u00a0a mu\u0219chiului \u0219i osului temporal. &nbsp; Acest mecanism cauzeaz\u0103 [...]","protected":false},"author":3,"featured_media":0,"parent":0,"menu_order":0,"comment_status":"closed","ping_status":"closed","template":"full-width.php","meta":{"footnotes":""},"_links":{"self":[{"href":"https:\/\/d6clinica.ro\/en\/wp-json\/wp\/v2\/pages\/3515"}],"collection":[{"href":"https:\/\/d6clinica.ro\/en\/wp-json\/wp\/v2\/pages"}],"about":[{"href":"https:\/\/d6clinica.ro\/en\/wp-json\/wp\/v2\/types\/page"}],"author":[{"embeddable":true,"href":"https:\/\/d6clinica.ro\/en\/wp-json\/wp\/v2\/users\/3"}],"replies":[{"embeddable":true,"href":"https:\/\/d6clinica.ro\/en\/wp-json\/wp\/v2\/comments?post=3515"}],"version-history":[{"count":4,"href":"https:\/\/d6clinica.ro\/en\/wp-json\/wp\/v2\/pages\/3515\/revisions"}],"predecessor-version":[{"id":4182,"href":"https:\/\/d6clinica.ro\/en\/wp-json\/wp\/v2\/pages\/3515\/revisions\/4182"}],"wp:attachment":[{"href":"https:\/\/d6clinica.ro\/en\/wp-json\/wp\/v2\/media?parent=3515"}],"curies":[{"name":"wp","href":"https:\/\/api.w.org\/{rel}","templated":true}]}}