{"id":561,"date":"2017-09-19T14:28:16","date_gmt":"2017-09-19T14:28:16","guid":{"rendered":"http:\/\/aviana.mikado-themes.com\/?page_id=561"},"modified":"2024-02-09T11:36:29","modified_gmt":"2024-02-09T11:36:29","slug":"contact-locatie-clinica-dermatologica-cluj","status":"publish","type":"page","link":"https:\/\/d6clinica.ro\/en\/contact-locatie-clinica-dermatologica-cluj\/","title":{"rendered":"Contact"},"content":{"rendered":"<div class=\"mkdf-row-grid-section-wrapper mkdf-parallax-row-holder mkdf-content-aligment-center\" data-parallax-bg-image= \"data-parallax-bg-speed=1\" ><div class=\"mkdf-row-grid-section\"><div class=\"vc_row wpb_row vc_row-fluid vc_custom_1508314790139\" ><div class=\"wpb_column vc_column_container vc_col-sm-12\"><div class=\"vc_column-inner\"><div class=\"wpb_wrapper\"><div class=\"mkdf-section-title-holder  mkdf-st-standard mkdf-st-title-left mkdf-st-normal-space\" style=\"text-align: center\">\n\t<div class=\"mkdf-st-inner\">\n\t\t<img loading=\"lazy\" decoding=\"async\" width=\"161\" height=\"280\" src=\"https:\/\/d6clinica.ro\/wp-content\/uploads\/2020\/04\/echipa_icon.png\" class=\"attachment-full size-full\" alt=\"\" \/>\n\t\t\t\t\t<div class=\"mkdf-separator-holder clearfix\">\n\t\t\t\t<div class=\"mkdf-separator\"><\/div>\n\t\t\t<\/div>\n\t\t\t\t\t\t\t<h2 class=\"mkdf-st-title\" >\n\t\t\t\tSend us a message\t\t\t<\/h2>\n\t\t\t\t\t<\/div>\n<\/div><div class=\"mkdf-elements-holder   mkdf-one-column  mkdf-responsive-mode-768\" ><div class=\"mkdf-eh-item   mkdf-horizontal-alignment-center\"  data-item-class=\"mkdf-eh-custom-3002\" data-1280-1600=\"72px 16% 0px\" data-1024-1280=\"72px 12% 0px\" data-768-1024=\"72px 5% 0px\" data-680-768=\"72px 0 0\" data-680=\"72px 0 0\">\n\t\t<div class=\"mkdf-eh-item-inner\">\n\t\t<div class=\"mkdf-eh-item-content mkdf-eh-custom-3002\" style=\"padding: 72px 8% 0px\">\n\t\t\t\n<div class=\"wpcf7 no-js\" id=\"wpcf7-f7-o1\" lang=\"en-US\" dir=\"ltr\">\n<div class=\"screen-reader-response\"><p role=\"status\" aria-live=\"polite\" aria-atomic=\"true\"><\/p> <ul><\/ul><\/div>\n<form action=\"\/en\/wp-json\/wp\/v2\/pages\/561#wpcf7-f7-o1\" method=\"post\" class=\"wpcf7-form init\" aria-label=\"Contact form\" novalidate=\"novalidate\" data-status=\"init\" data-trp-original-action=\"\/en\/wp-json\/wp\/v2\/pages\/561#wpcf7-f7-o1\">\n<div style=\"display: none;\">\n<input type=\"hidden\" name=\"_wpcf7\" value=\"7\" \/>\n<input type=\"hidden\" name=\"_wpcf7_version\" value=\"5.9.8\" \/>\n<input type=\"hidden\" name=\"_wpcf7_locale\" value=\"en_US\" \/>\n<input type=\"hidden\" name=\"_wpcf7_unit_tag\" value=\"wpcf7-f7-o1\" \/>\n<input type=\"hidden\" name=\"_wpcf7_container_post\" value=\"0\" \/>\n<input type=\"hidden\" name=\"_wpcf7_posted_data_hash\" value=\"\" \/>\n<\/div>\n<p><label> Name (required)<br \/>\n<span class=\"wpcf7-form-control-wrap\" data-name=\"your-name\"><input size=\"40\" maxlength=\"400\" class=\"wpcf7-form-control wpcf7-text wpcf7-validates-as-required\" aria-required=\"true\" aria-invalid=\"false\" value=\"\" type=\"text\" name=\"your-name\" \/><\/span> <\/label>\n<\/p>\n<p><label> Email (required)<br \/>\n<span class=\"wpcf7-form-control-wrap\" data-name=\"your-email\"><input size=\"40\" maxlength=\"400\" class=\"wpcf7-form-control wpcf7-email wpcf7-validates-as-required wpcf7-text wpcf7-validates-as-email\" aria-required=\"true\" aria-invalid=\"false\" value=\"\" type=\"email\" name=\"your-email\" \/><\/span> <\/label>\n<\/p>\n<p><label> Phone (required)<br \/>\n<span class=\"wpcf7-form-control-wrap\" data-name=\"phone-number\"><input size=\"40\" maxlength=\"400\" class=\"wpcf7-form-control wpcf7-text wpcf7-validates-as-required\" aria-required=\"true\" aria-invalid=\"false\" value=\"\" type=\"text\" name=\"phone-number\" \/><\/span> <\/label>\n<\/p>\n<p><label> Subject<br \/>\n<span class=\"wpcf7-form-control-wrap\" data-name=\"your-subject\"><input size=\"40\" maxlength=\"400\" class=\"wpcf7-form-control wpcf7-text\" aria-invalid=\"false\" value=\"\" type=\"text\" name=\"your-subject\" \/><\/span> <\/label>\n<\/p>\n<p><label> Message<br \/>\n<span class=\"wpcf7-form-control-wrap\" data-name=\"your-message\"><textarea cols=\"40\" rows=\"10\" maxlength=\"2000\" class=\"wpcf7-form-control wpcf7-textarea\" aria-invalid=\"false\" name=\"your-message\"><\/textarea><\/span> <\/label>\n<\/p>\n<p><input class=\"wpcf7-form-control wpcf7-submit has-spinner\" type=\"submit\" value=\"Send\" \/>\n<\/p><div class=\"wpcf7-response-output\" aria-hidden=\"true\"><\/div>\n<input type=\"hidden\" name=\"trp-form-language\" value=\"en\"\/><\/form>\n<\/div>\n<div class=\"vc_empty_space\"   style=\"height: 10px\"><span class=\"vc_empty_space_inner\"><\/span><\/div>\t\t<\/div>\n\t<\/div>\n<\/div><\/div><\/div><\/div><\/div><\/div><\/div><\/div><div class=\"vc_row wpb_row vc_row-fluid\" ><div class=\"wpb_column vc_column_container vc_col-sm-12\"><div class=\"vc_column-inner\"><div class=\"wpb_wrapper\">\n\t<div  class=\"wpb_single_image wpb_content_element vc_align_center\">\n\t\t\n\t\t<figure class=\"wpb_wrapper vc_figure\">\n\t\t\t<a href=\"https:\/\/www.google.com\/maps\/place\/Strada+Decebal+6,+Cluj-Napoca+400000\/@46.7766936,23.5876317,17z\/data=!3m1!4b1!4m5!3m4!1s0x47490e9f2681fd6b:0x526cff62c6cfc6e7!8m2!3d46.7766936!4d23.5898204\" target=\"_self\" class=\"vc_single_image-wrapper   vc_box_border_grey\"><img loading=\"lazy\" decoding=\"async\" width=\"1849\" height=\"517\" src=\"https:\/\/d6clinica.ro\/wp-content\/uploads\/2020\/06\/Screenshot-2020-06-16-17.35.54.png\" class=\"vc_single_image-img attachment-full\" alt=\"date contact adresa clinica dermatologica D6 Cluj\" srcset=\"https:\/\/d6clinica.ro\/wp-content\/uploads\/2020\/06\/Screenshot-2020-06-16-17.35.54.png 1849w, https:\/\/d6clinica.ro\/wp-content\/uploads\/2020\/06\/Screenshot-2020-06-16-17.35.54-300x84.png 300w, https:\/\/d6clinica.ro\/wp-content\/uploads\/2020\/06\/Screenshot-2020-06-16-17.35.54-1024x286.png 1024w, https:\/\/d6clinica.ro\/wp-content\/uploads\/2020\/06\/Screenshot-2020-06-16-17.35.54-768x215.png 768w, https:\/\/d6clinica.ro\/wp-content\/uploads\/2020\/06\/Screenshot-2020-06-16-17.35.54-1536x429.png 1536w, https:\/\/d6clinica.ro\/wp-content\/uploads\/2020\/06\/Screenshot-2020-06-16-17.35.54-600x168.png 600w\" sizes=\"(max-width: 1849px) 100vw, 1849px\" \/><\/a>\n\t\t<\/figure>\n\t<\/div>\n<\/div><\/div><\/div><\/div><div class=\"mkdf-row-grid-section-wrapper mkdf-parallax-row-holder\" data-parallax-bg-image= \"data-parallax-bg-speed=1\" ><div class=\"mkdf-row-grid-section\"><div class=\"vc_row wpb_row vc_row-fluid vc_custom_1505832565026\" ><div class=\"wpb_column vc_column_container vc_col-sm-12\"><div class=\"vc_column-inner\"><div class=\"wpb_wrapper\"><div class=\"mkdf-elements-holder   mkdf-one-column  mkdf-responsive-mode-768\" ><div class=\"mkdf-eh-item   mkdf-horizontal-alignment-center\"  data-item-class=\"mkdf-eh-custom-8893\" data-1280-1600=\"0px 18%\" data-1024-1280=\"0px 18%\" data-768-1024=\"0px 5%\" data-680-768=\"0px\" data-680=\"0px\">\n\t\t<div class=\"mkdf-eh-item-inner\">\n\t\t<div class=\"mkdf-eh-item-content mkdf-eh-custom-8893\" style=\"padding: 0px 21%\">\n\t\t\t<div class=\"mkdf-section-title-holder  mkdf-st-standard mkdf-st-title-left mkdf-st-normal-space\" style=\"text-align: center\">\n\t<div class=\"mkdf-st-inner\">\n\t\t<img loading=\"lazy\" decoding=\"async\" width=\"200\" height=\"157\" src=\"https:\/\/d6clinica.ro\/wp-content\/uploads\/2020\/04\/locatie_icon.png\" class=\"attachment-full size-full\" alt=\"\" \/>\n\t\t\t\t\t<div class=\"mkdf-separator-holder clearfix\">\n\t\t\t\t<div class=\"mkdf-separator\"><\/div>\n\t\t\t<\/div>\n\t\t\t\t\t\t\t<h2 class=\"mkdf-st-title\" >\n\t\t\t\tClinica D6\t\t\t<\/h2>\n\t\t\t\t\t\t\t<h6 class=\"mkdf-st-text\" >\n\t\t\t\tWhether it's a dermatologic consultation, dermatologic or cosmetic surgery, don't hesitate to contact us.\t\t\t<\/h6>\n\t\t\t<\/div>\n<\/div>\t\t<\/div>\n\t<\/div>\n<\/div><\/div><\/div><\/div><\/div><\/div><\/div><\/div><div class=\"vc_row wpb_row vc_row-fluid\" ><div class=\"wpb_column vc_column_container vc_col-sm-4\"><div class=\"vc_column-inner\"><div class=\"wpb_wrapper\"><\/div><\/div><\/div><div class=\"wpb_column vc_column_container vc_col-sm-4\"><div class=\"vc_column-inner\"><div class=\"wpb_wrapper\">\n\t<div class=\"wpb_text_column wpb_content_element\" >\n\t\t<div class=\"wpb_wrapper\">\n\t\t\t<h4 style=\"text-align: center;\">CLUJ-NAPOCA<\/h4>\n\n\t\t<\/div>\n\t<\/div>\n\n\t<div class=\"wpb_text_column wpb_content_element\" >\n\t\t<div class=\"wpb_wrapper\">\n\t\t\t<p style=\"text-align: center;\">6 Decebal Street<br \/>\n400037<\/p>\n\n\t\t<\/div>\n\t<\/div>\n<div class=\"vc_empty_space\"   style=\"height: 20px\"><span class=\"vc_empty_space_inner\"><\/span><\/div>\n\t<div class=\"wpb_text_column wpb_content_element\" >\n\t\t<div class=\"wpb_wrapper\">\n\t\t\t<p style=\"text-align: center;\">Email:\u00a0<a href=\"mailto:receptie@derma6.ro\">receptie@derma6.ro<\/a><\/p>\n<p style=\"text-align: center;\">Mobile: <a href=\"tel:+40741014133\"><span class=\"mkdf-icon-text\">+40 741 014 133<\/span><\/a><\/p>\n\n\t\t<\/div>\n\t<\/div>\n<div class=\"vc_empty_space\"   style=\"height: 40px\"><span class=\"vc_empty_space_inner\"><\/span><\/div><\/div><\/div><\/div><div class=\"wpb_column vc_column_container vc_col-sm-4\"><div class=\"vc_column-inner\"><div class=\"wpb_wrapper\"><\/div><\/div><\/div><\/div>","protected":false},"excerpt":{"rendered":"Trimite-ne un mesaj Nume (obligatoriu) Email (obligatoriu) Telefon (obligatoriu) Subiect Mesaj Clinica D6 Fie c\u0103 este vorba despre un consult dermatologic, chirurgie dermatologic\u0103 sau estetic\u0103, nu ezita\u021bi s\u0103 ne contacta\u021bi. CLUJ-NAPOCA Strada Decebal 6 400037 Email:\u00a0receptie@derma6.ro Tel mobil: +40 741 [...]","protected":false},"author":3,"featured_media":0,"parent":0,"menu_order":0,"comment_status":"closed","ping_status":"closed","template":"full-width.php","meta":{"footnotes":""},"_links":{"self":[{"href":"https:\/\/d6clinica.ro\/en\/wp-json\/wp\/v2\/pages\/561"}],"collection":[{"href":"https:\/\/d6clinica.ro\/en\/wp-json\/wp\/v2\/pages"}],"about":[{"href":"https:\/\/d6clinica.ro\/en\/wp-json\/wp\/v2\/types\/page"}],"author":[{"embeddable":true,"href":"https:\/\/d6clinica.ro\/en\/wp-json\/wp\/v2\/users\/3"}],"replies":[{"embeddable":true,"href":"https:\/\/d6clinica.ro\/en\/wp-json\/wp\/v2\/comments?post=561"}],"version-history":[{"count":29,"href":"https:\/\/d6clinica.ro\/en\/wp-json\/wp\/v2\/pages\/561\/revisions"}],"predecessor-version":[{"id":3996,"href":"https:\/\/d6clinica.ro\/en\/wp-json\/wp\/v2\/pages\/561\/revisions\/3996"}],"wp:attachment":[{"href":"https:\/\/d6clinica.ro\/en\/wp-json\/wp\/v2\/media?parent=561"}],"curies":[{"name":"wp","href":"https:\/\/api.w.org\/{rel}","templated":true}]}}