{"id":649,"date":"2017-09-20T08:15:59","date_gmt":"2017-09-20T08:15:59","guid":{"rendered":"http:\/\/aviana.mikado-themes.com\/?page_id=649"},"modified":"2024-05-31T10:08:28","modified_gmt":"2024-05-31T10:08:28","slug":"filosofie-clinica-dermatologie-estetica-cluj","status":"publish","type":"page","link":"https:\/\/d6clinica.ro\/en\/filosofie-clinica-dermatologie-estetica-cluj\/","title":{"rendered":"Philosophy"},"content":{"rendered":"<div class=\"mkdf-row-grid-section-wrapper\"  style=\"background-image: url(https:\/\/d6clinica.ro\/wp-content\/uploads\/2020\/04\/filosofie_background3.jpg);background-position: center\"><div class=\"mkdf-row-grid-section\"><div class=\"vc_row wpb_row vc_row-fluid\" ><div class=\"wpb_column vc_column_container vc_col-sm-12\"><div class=\"vc_column-inner\"><div class=\"wpb_wrapper\"><div class=\"mkdf-elements-holder   mkdf-one-column  mkdf-responsive-mode-768\" ><div class=\"mkdf-eh-item   mkdf-horizontal-alignment-center\"  data-item-class=\"mkdf-eh-custom-5454\" data-1280-1600=\"14% 0% 30px\" data-1024-1280=\"14% 0% 40px\" data-768-1024=\"13% 0% 36px\" data-680-768=\"35% 0% 40px\" data-680=\"21% 0% 40px\">\n\t\t<div class=\"mkdf-eh-item-inner\">\n\t\t<div class=\"mkdf-eh-item-content mkdf-eh-custom-5454\" style=\"padding: 25% 0% 40px\">\n\t\t\t\n\t<div  class=\"wpb_single_image wpb_content_element vc_align_center\">\n\t\t\n\t\t<figure class=\"wpb_wrapper vc_figure\">\n\t\t\t<div class=\"vc_single_image-wrapper   vc_box_border_grey\"><img loading=\"lazy\" decoding=\"async\" width=\"200\" height=\"200\" src=\"https:\/\/d6clinica.ro\/wp-content\/uploads\/2020\/04\/filosofie3.png\" class=\"vc_single_image-img attachment-full\" alt=\"\" srcset=\"https:\/\/d6clinica.ro\/wp-content\/uploads\/2020\/04\/filosofie3.png 200w, https:\/\/d6clinica.ro\/wp-content\/uploads\/2020\/04\/filosofie3-150x150.png 150w, https:\/\/d6clinica.ro\/wp-content\/uploads\/2020\/04\/filosofie3-100x100.png 100w\" sizes=\"(max-width: 200px) 100vw, 200px\" \/><\/div>\n\t\t<\/figure>\n\t<\/div>\n\t\t<\/div>\n\t<\/div>\n<\/div><\/div><div class=\"mkdf-elements-holder   mkdf-one-column  mkdf-responsive-mode-768\" ><div class=\"mkdf-eh-item\"  data-item-class=\"mkdf-eh-custom-7062\"  >\n\t\t<div class=\"mkdf-eh-item-inner\">\n\t\t<div class=\"mkdf-eh-item-content mkdf-eh-custom-7062\" style=\"padding: 0 0 10px\">\n\t\t\t<div class=\"mkdf-separator-holder clearfix  mkdf-separator-center\">\n\t<div class=\"mkdf-separator\" style=\"border-color: #d6b981;width: 265px;border-bottom-width: 1px\"><\/div>\n<\/div>\n\t\t<\/div>\n\t<\/div>\n<\/div><\/div><div class=\"mkdf-elements-holder   mkdf-one-column  mkdf-responsive-mode-768\" ><div class=\"mkdf-eh-item\"  data-item-class=\"mkdf-eh-custom-8824\" data-1280-1600=\"0 0 10px\" data-1024-1280=\"10px 0 20px\">\n\t\t<div class=\"mkdf-eh-item-inner\">\n\t\t<div class=\"mkdf-eh-item-content mkdf-eh-custom-8824\" style=\"padding: 0 0 20px\">\n\t\t\t\n\t<div class=\"wpb_text_column wpb_content_element\" >\n\t\t<div class=\"wpb_wrapper\">\n\t\t\t<h2 style=\"text-align: center;\">Philosophy<\/h2>\n\n\t\t<\/div>\n\t<\/div>\n\t\t<\/div>\n\t<\/div>\n<\/div><\/div><div class=\"mkdf-elements-holder   mkdf-one-column  mkdf-responsive-mode-768\" ><div class=\"mkdf-eh-item\"  data-item-class=\"mkdf-eh-custom-9062\" data-1024-1280=\"0 16% 0\"  data-680-768=\"0 3% 0\" data-680=\"0 0\">\n\t\t<div class=\"mkdf-eh-item-inner\">\n\t\t<div class=\"mkdf-eh-item-content mkdf-eh-custom-9062\" style=\"padding: 0 20% 0\">\n\t\t\t<h2 class=\"mkdf-custom-font-holder  mkdf-cf-7840\" style=\"font-family: Open Sans;font-size: 16px;line-height: 24px;font-weight: 300;letter-spacing: .01em;text-transform: initial;text-align: center;color: #6a6a6a;margin: 0\" data-item-class=\"mkdf-cf-7840\">\n\tWe are D6 Clinic. We believe in genuine smiles, deeply rooted in the soul, that`s why we need to love ourselves, beyond and regardless of anyone else.<\/h2><div class=\"vc_empty_space\"   style=\"height: 20px\"><span class=\"vc_empty_space_inner\"><\/span><\/div><h2 class=\"mkdf-custom-font-holder  mkdf-cf-4023\" style=\"font-family: Open Sans;font-size: 16px;line-height: 24px;font-weight: 300;letter-spacing: .01em;text-transform: initial;text-align: center;color: #6a6a6a;margin: 0\" data-item-class=\"mkdf-cf-4023\">\n\tTo fall in love with ourselves we need to know we are healthy and feel beautiful from the inside out and vice versa.<\/h2><div class=\"vc_empty_space\"   style=\"height: 20px\"><span class=\"vc_empty_space_inner\"><\/span><\/div><h2 class=\"mkdf-custom-font-holder  mkdf-cf-9895\" style=\"font-family: Open Sans;font-size: 16px;line-height: 24px;font-weight: 300;letter-spacing: .01em;text-transform: initial;text-align: center;color: #6a6a6a;margin: 0\" data-item-class=\"mkdf-cf-9895\">\n\tAt D6 we perform daily dermatologic consultations, aesthetic procedures and minimally invasive interventions that target skin health and contribute to skin beauty.<\/h2><div class=\"vc_empty_space\"   style=\"height: 20px\"><span class=\"vc_empty_space_inner\"><\/span><\/div><h2 class=\"mkdf-custom-font-holder  mkdf-cf-8532\" style=\"font-family: Open Sans;font-size: 16px;line-height: 24px;font-weight: 300;letter-spacing: .01em;text-transform: initial;text-align: center;color: #6a6a6a;margin: 0\" data-item-class=\"mkdf-cf-8532\">\n\tIn our clinic, we bring together science, art and harmony, in order to achieve the most beautiful and natural version of you.<\/h2><div class=\"vc_empty_space\"   style=\"height: 32px\"><span class=\"vc_empty_space_inner\"><\/span><\/div>\n\t<div class=\"wpb_text_column wpb_content_element\" >\n\t\t<div class=\"wpb_wrapper\">\n\t\t\t<h2 style=\"text-align: center;\">science. art. beauty<\/h2>\n\n\t\t<\/div>\n\t<\/div>\n<div class=\"vc_empty_space\"   style=\"height: 100px\"><span class=\"vc_empty_space_inner\"><\/span><\/div>\t\t<\/div>\n\t<\/div>\n<\/div><\/div><\/div><\/div><\/div><\/div><\/div><\/div><div class=\"vc_row wpb_row vc_row-fluid\" ><div class=\"wpb_column vc_column_container vc_col-sm-12\"><div class=\"vc_column-inner\"><div class=\"wpb_wrapper\"><div class=\"mkdf-elements-holder   mkdf-one-column  mkdf-responsive-mode-768\" ><div class=\"mkdf-eh-item\"  data-item-class=\"mkdf-eh-custom-2183\">\n\t\t<div class=\"mkdf-eh-item-inner\">\n\t\t<div class=\"mkdf-eh-item-content mkdf-eh-custom-2183\" >\n\t\t\t<div class=\"mkdf-image-gallery  mkdf-ig-masonry-type mkdf-large-space\">\n\t<div class=\"mkdf-ig-inner mkdf-outer-space mkdf-ig-masonry mkdf-ig-two-columns\">\n\t\t<div class=\"mkdf-ig-grid-sizer\"><\/div>\n\t\t<div class=\"mkdf-ig-grid-gutter\"><\/div>\n\t\t\t\t\t\t\t\t<div class=\"mkdf-ig-image mkdf-item-space\">\n\t\t\t\t<div class=\"mkdf-ig-image-inner\">\n\t\t\t\t\t\t\t\t\t\t\t<img loading=\"lazy\" decoding=\"async\" width=\"1920\" height=\"1100\" src=\"https:\/\/d6clinica.ro\/wp-content\/uploads\/2020\/04\/filosofie_cabinet_05.jpg\" class=\"attachment- size-\" alt=\"clinica dermatologie D6 Cluj\" srcset=\"https:\/\/d6clinica.ro\/wp-content\/uploads\/2020\/04\/filosofie_cabinet_05.jpg 1920w, https:\/\/d6clinica.ro\/wp-content\/uploads\/2020\/04\/filosofie_cabinet_05-300x172.jpg 300w, https:\/\/d6clinica.ro\/wp-content\/uploads\/2020\/04\/filosofie_cabinet_05-1024x587.jpg 1024w, https:\/\/d6clinica.ro\/wp-content\/uploads\/2020\/04\/filosofie_cabinet_05-768x440.jpg 768w, https:\/\/d6clinica.ro\/wp-content\/uploads\/2020\/04\/filosofie_cabinet_05-1536x880.jpg 1536w, https:\/\/d6clinica.ro\/wp-content\/uploads\/2020\/04\/filosofie_cabinet_05-600x344.jpg 600w\" sizes=\"(max-width: 1920px) 100vw, 1920px\" \/>\t\t\t\t\t\t\t\t\t<\/div>\n\t\t\t<\/div>\n\t\t\t\t\t\t\t\t<div class=\"mkdf-ig-image mkdf-item-space\">\n\t\t\t\t<div class=\"mkdf-ig-image-inner\">\n\t\t\t\t\t\t\t\t\t\t\t<img loading=\"lazy\" decoding=\"async\" width=\"1920\" height=\"1100\" src=\"https:\/\/d6clinica.ro\/wp-content\/uploads\/2020\/04\/filosofie_cabinet_04.jpg\" class=\"attachment- size-\" alt=\"receptie cabinet dermatologic, clinica D6 Cluj\" srcset=\"https:\/\/d6clinica.ro\/wp-content\/uploads\/2020\/04\/filosofie_cabinet_04.jpg 1920w, https:\/\/d6clinica.ro\/wp-content\/uploads\/2020\/04\/filosofie_cabinet_04-300x172.jpg 300w, https:\/\/d6clinica.ro\/wp-content\/uploads\/2020\/04\/filosofie_cabinet_04-1024x587.jpg 1024w, https:\/\/d6clinica.ro\/wp-content\/uploads\/2020\/04\/filosofie_cabinet_04-768x440.jpg 768w, https:\/\/d6clinica.ro\/wp-content\/uploads\/2020\/04\/filosofie_cabinet_04-1536x880.jpg 1536w, https:\/\/d6clinica.ro\/wp-content\/uploads\/2020\/04\/filosofie_cabinet_04-600x344.jpg 600w\" sizes=\"(max-width: 1920px) 100vw, 1920px\" \/>\t\t\t\t\t\t\t\t\t<\/div>\n\t\t\t<\/div>\n\t\t\t\t\t\t\t\t<div class=\"mkdf-ig-image mkdf-item-space\">\n\t\t\t\t<div class=\"mkdf-ig-image-inner\">\n\t\t\t\t\t\t\t\t\t\t\t<img loading=\"lazy\" decoding=\"async\" width=\"1920\" height=\"1100\" src=\"https:\/\/d6clinica.ro\/wp-content\/uploads\/2020\/04\/filosofie_cabinet_01.jpg\" class=\"attachment- size-\" alt=\"cabinet dermatologic consultatie dermatologica, clinica D6 Cluj\" srcset=\"https:\/\/d6clinica.ro\/wp-content\/uploads\/2020\/04\/filosofie_cabinet_01.jpg 1920w, https:\/\/d6clinica.ro\/wp-content\/uploads\/2020\/04\/filosofie_cabinet_01-300x172.jpg 300w, https:\/\/d6clinica.ro\/wp-content\/uploads\/2020\/04\/filosofie_cabinet_01-1024x587.jpg 1024w, https:\/\/d6clinica.ro\/wp-content\/uploads\/2020\/04\/filosofie_cabinet_01-768x440.jpg 768w, https:\/\/d6clinica.ro\/wp-content\/uploads\/2020\/04\/filosofie_cabinet_01-1536x880.jpg 1536w, https:\/\/d6clinica.ro\/wp-content\/uploads\/2020\/04\/filosofie_cabinet_01-600x344.jpg 600w\" sizes=\"(max-width: 1920px) 100vw, 1920px\" \/>\t\t\t\t\t\t\t\t\t<\/div>\n\t\t\t<\/div>\n\t\t\t\t\t\t\t\t<div class=\"mkdf-ig-image mkdf-item-space\">\n\t\t\t\t<div class=\"mkdf-ig-image-inner\">\n\t\t\t\t\t\t\t\t\t\t\t<img loading=\"lazy\" decoding=\"async\" width=\"1920\" height=\"1100\" src=\"https:\/\/d6clinica.ro\/wp-content\/uploads\/2020\/04\/filosofie_cabinet_02.jpg\" class=\"attachment- size-\" alt=\"\" srcset=\"https:\/\/d6clinica.ro\/wp-content\/uploads\/2020\/04\/filosofie_cabinet_02.jpg 1920w, https:\/\/d6clinica.ro\/wp-content\/uploads\/2020\/04\/filosofie_cabinet_02-300x172.jpg 300w, https:\/\/d6clinica.ro\/wp-content\/uploads\/2020\/04\/filosofie_cabinet_02-1024x587.jpg 1024w, https:\/\/d6clinica.ro\/wp-content\/uploads\/2020\/04\/filosofie_cabinet_02-768x440.jpg 768w, https:\/\/d6clinica.ro\/wp-content\/uploads\/2020\/04\/filosofie_cabinet_02-1536x880.jpg 1536w, https:\/\/d6clinica.ro\/wp-content\/uploads\/2020\/04\/filosofie_cabinet_02-600x344.jpg 600w\" sizes=\"(max-width: 1920px) 100vw, 1920px\" \/>\t\t\t\t\t\t\t\t\t<\/div>\n\t\t\t<\/div>\n\t\t\t<\/div>\n<\/div><div class=\"vc_empty_space\"   style=\"height: 80px\"><span class=\"vc_empty_space_inner\"><\/span><\/div><h3 class=\"mkdf-custom-font-holder  mkdf-cf-3905\" style=\"font-family: Open Sans;font-size: 16px;line-height: 24px;font-weight: 300;letter-spacing: .01em;text-transform: initial;text-align: center;color: #6a6a6a;margin: 0\" data-item-class=\"mkdf-cf-3905\">\n\tDermatology Cluj - dermatology clinic - botulinum toxin - hyaluronic acid Cluj - lip augmentation - Radiesse - hydroxyapatite - non-surgical face lift - couperosis - microdermabrasion - mesotherapy - mole excision - dermatoscopy - radiofrequency - PB Serum - vampire therapy - Dermapen - facial aesthetics - Harmonyca - Sculptra - L polylactic acid - collagen biostimulators - bioregeneration<\/h3><div class=\"vc_empty_space\"   style=\"height: 100px\"><span class=\"vc_empty_space_inner\"><\/span><\/div>\t\t<\/div>\n\t<\/div>\n<\/div><\/div><\/div><\/div><\/div><\/div>","protected":false},"excerpt":{"rendered":"Filosofie Credem \u00een z\u00e2mbete sincere. \u00cen z\u00e2mbete care \u00ee\u0219i au r\u0103d\u0103cinile \u00een suflet. Iar pentru asta e nevoie s\u0103 ne iubim pe noi \u00een\u0219ine, mai presus \u0219i independent de oricine altcineva. \u0218i pentru a ne \u00eendr\u0103gosti de noi avem nevoie [...]","protected":false},"author":3,"featured_media":0,"parent":0,"menu_order":0,"comment_status":"closed","ping_status":"closed","template":"full-width.php","meta":{"footnotes":""},"_links":{"self":[{"href":"https:\/\/d6clinica.ro\/en\/wp-json\/wp\/v2\/pages\/649"}],"collection":[{"href":"https:\/\/d6clinica.ro\/en\/wp-json\/wp\/v2\/pages"}],"about":[{"href":"https:\/\/d6clinica.ro\/en\/wp-json\/wp\/v2\/types\/page"}],"author":[{"embeddable":true,"href":"https:\/\/d6clinica.ro\/en\/wp-json\/wp\/v2\/users\/3"}],"replies":[{"embeddable":true,"href":"https:\/\/d6clinica.ro\/en\/wp-json\/wp\/v2\/comments?post=649"}],"version-history":[{"count":33,"href":"https:\/\/d6clinica.ro\/en\/wp-json\/wp\/v2\/pages\/649\/revisions"}],"predecessor-version":[{"id":4007,"href":"https:\/\/d6clinica.ro\/en\/wp-json\/wp\/v2\/pages\/649\/revisions\/4007"}],"wp:attachment":[{"href":"https:\/\/d6clinica.ro\/en\/wp-json\/wp\/v2\/media?parent=649"}],"curies":[{"name":"wp","href":"https:\/\/api.w.org\/{rel}","templated":true}]}}